{"id":28,"date":"2022-04-12T18:23:16","date_gmt":"2022-04-12T18:23:16","guid":{"rendered":"http:\/\/turanstg.ycms2.com\/?page_id=28"},"modified":"2023-11-07T19:55:33","modified_gmt":"2023-11-07T19:55:33","slug":"surdurulebilirlik","status":"publish","type":"page","link":"https:\/\/turanambalaj.com\/tr\/surdurulebilirlik\/","title":{"rendered":"S\u00fcrd\u00fcr\u00fclebilirlik"},"content":{"rendered":"","protected":false},"excerpt":{"rendered":"","protected":false},"author":1,"featured_media":0,"parent":0,"menu_order":0,"comment_status":"closed","ping_status":"closed","template":"","meta":{"footnotes":""},"class_list":["post-28","page","type-page","status-publish","hentry"],"acf":[],"yoast_head":"<!-- This site is optimized with the Yoast SEO plugin v21.2 - https:\/\/yoast.com\/wordpress\/plugins\/seo\/ -->\n<title>S\u00fcrd\u00fcr\u00fclebilirlik - Turan Plastic<\/title>\n<meta name=\"description\" content=\"Proje s\u00fcre\u00e7lerimizde \u00e7evresel mevzuata ve uluslararas\u0131 standartlara uyar\u0131z.\" \/>\n<meta name=\"robots\" content=\"index, follow, max-snippet:-1, max-image-preview:large, max-video-preview:-1\" \/>\n<link rel=\"canonical\" href=\"https:\/\/turanambalaj.com\/tr\/surdurulebilirlik\/\" \/>\n<meta property=\"og:locale\" content=\"tr_TR\" \/>\n<meta property=\"og:type\" content=\"article\" \/>\n<meta property=\"og:title\" content=\"S\u00fcrd\u00fcr\u00fclebilirlik - Turan Plastic\" \/>\n<meta property=\"og:description\" content=\"Proje s\u00fcre\u00e7lerimizde \u00e7evresel mevzuata ve uluslararas\u0131 standartlara uyar\u0131z.\" \/>\n<meta property=\"og:url\" content=\"https:\/\/turanambalaj.com\/tr\/surdurulebilirlik\/\" \/>\n<meta property=\"og:site_name\" content=\"Turan Plastic\" \/>\n<meta property=\"article:modified_time\" content=\"2023-11-07T19:55:33+00:00\" \/>\n<meta name=\"twitter:card\" content=\"summary_large_image\" \/>\n<script type=\"application\/ld+json\" class=\"yoast-schema-graph\">{\"@context\":\"https:\/\/schema.org\",\"@graph\":[{\"@type\":\"WebPage\",\"@id\":\"https:\/\/turanambalaj.com\/surdurulebilirlik\/\",\"url\":\"https:\/\/turanambalaj.com\/surdurulebilirlik\/\",\"name\":\"S\u00fcrd\u00fcr\u00fclebilirlik - Turan Plastic\",\"isPartOf\":{\"@id\":\"https:\/\/turanambalaj.com\/tr\/#website\"},\"datePublished\":\"2022-04-12T18:23:16+00:00\",\"dateModified\":\"2023-11-07T19:55:33+00:00\",\"description\":\"Proje s\u00fcre\u00e7lerimizde \u00e7evresel mevzuata ve uluslararas\u0131 standartlara uyar\u0131z.\",\"breadcrumb\":{\"@id\":\"https:\/\/turanambalaj.com\/surdurulebilirlik\/#breadcrumb\"},\"inLanguage\":\"tr\",\"potentialAction\":[{\"@type\":\"ReadAction\",\"target\":[\"https:\/\/turanambalaj.com\/surdurulebilirlik\/\"]}]},{\"@type\":\"BreadcrumbList\",\"@id\":\"https:\/\/turanambalaj.com\/surdurulebilirlik\/#breadcrumb\",\"itemListElement\":[{\"@type\":\"ListItem\",\"position\":1,\"name\":\"Anasayfa\",\"item\":\"https:\/\/turanambalaj.com\/\"},{\"@type\":\"ListItem\",\"position\":2,\"name\":\"S\u00fcrd\u00fcr\u00fclebilirlik\"}]},{\"@type\":\"WebSite\",\"@id\":\"https:\/\/turanambalaj.com\/tr\/#website\",\"url\":\"https:\/\/turanambalaj.com\/tr\/\",\"name\":\"Turan Plastic\",\"description\":\"Just another WordPress site\",\"potentialAction\":[{\"@type\":\"SearchAction\",\"target\":{\"@type\":\"EntryPoint\",\"urlTemplate\":\"https:\/\/turanambalaj.com\/tr\/?s={search_term_string}\"},\"query-input\":\"required name=search_term_string\"}],\"inLanguage\":\"tr\"}]}<\/script>\n<!-- \/ Yoast SEO plugin. -->","yoast_head_json":{"title":"S\u00fcrd\u00fcr\u00fclebilirlik - Turan Plastic","description":"Proje s\u00fcre\u00e7lerimizde \u00e7evresel mevzuata ve uluslararas\u0131 standartlara uyar\u0131z.","robots":{"index":"index","follow":"follow","max-snippet":"max-snippet:-1","max-image-preview":"max-image-preview:large","max-video-preview":"max-video-preview:-1"},"canonical":"https:\/\/turanambalaj.com\/tr\/surdurulebilirlik\/","og_locale":"tr_TR","og_type":"article","og_title":"S\u00fcrd\u00fcr\u00fclebilirlik - Turan Plastic","og_description":"Proje s\u00fcre\u00e7lerimizde \u00e7evresel mevzuata ve uluslararas\u0131 standartlara uyar\u0131z.","og_url":"https:\/\/turanambalaj.com\/tr\/surdurulebilirlik\/","og_site_name":"Turan Plastic","article_modified_time":"2023-11-07T19:55:33+00:00","twitter_card":"summary_large_image","schema":{"@context":"https:\/\/schema.org","@graph":[{"@type":"WebPage","@id":"https:\/\/turanambalaj.com\/surdurulebilirlik\/","url":"https:\/\/turanambalaj.com\/surdurulebilirlik\/","name":"S\u00fcrd\u00fcr\u00fclebilirlik - Turan Plastic","isPartOf":{"@id":"https:\/\/turanambalaj.com\/tr\/#website"},"datePublished":"2022-04-12T18:23:16+00:00","dateModified":"2023-11-07T19:55:33+00:00","description":"Proje s\u00fcre\u00e7lerimizde \u00e7evresel mevzuata ve uluslararas\u0131 standartlara uyar\u0131z.","breadcrumb":{"@id":"https:\/\/turanambalaj.com\/surdurulebilirlik\/#breadcrumb"},"inLanguage":"tr","potentialAction":[{"@type":"ReadAction","target":["https:\/\/turanambalaj.com\/surdurulebilirlik\/"]}]},{"@type":"BreadcrumbList","@id":"https:\/\/turanambalaj.com\/surdurulebilirlik\/#breadcrumb","itemListElement":[{"@type":"ListItem","position":1,"name":"Anasayfa","item":"https:\/\/turanambalaj.com\/"},{"@type":"ListItem","position":2,"name":"S\u00fcrd\u00fcr\u00fclebilirlik"}]},{"@type":"WebSite","@id":"https:\/\/turanambalaj.com\/tr\/#website","url":"https:\/\/turanambalaj.com\/tr\/","name":"Turan Plastic","description":"Just another WordPress site","potentialAction":[{"@type":"SearchAction","target":{"@type":"EntryPoint","urlTemplate":"https:\/\/turanambalaj.com\/tr\/?s={search_term_string}"},"query-input":"required name=search_term_string"}],"inLanguage":"tr"}]}},"_links":{"self":[{"href":"https:\/\/turanambalaj.com\/tr\/wp-json\/wp\/v2\/pages\/28","targetHints":{"allow":["GET"]}}],"collection":[{"href":"https:\/\/turanambalaj.com\/tr\/wp-json\/wp\/v2\/pages"}],"about":[{"href":"https:\/\/turanambalaj.com\/tr\/wp-json\/wp\/v2\/types\/page"}],"author":[{"embeddable":true,"href":"https:\/\/turanambalaj.com\/tr\/wp-json\/wp\/v2\/users\/1"}],"replies":[{"embeddable":true,"href":"https:\/\/turanambalaj.com\/tr\/wp-json\/wp\/v2\/comments?post=28"}],"version-history":[{"count":24,"href":"https:\/\/turanambalaj.com\/tr\/wp-json\/wp\/v2\/pages\/28\/revisions"}],"predecessor-version":[{"id":1450,"href":"https:\/\/turanambalaj.com\/tr\/wp-json\/wp\/v2\/pages\/28\/revisions\/1450"}],"wp:attachment":[{"href":"https:\/\/turanambalaj.com\/tr\/wp-json\/wp\/v2\/media?parent=28"}],"curies":[{"name":"wp","href":"https:\/\/api.w.org\/{rel}","templated":true}]}}