{"id":880,"date":"2023-05-03T10:28:33","date_gmt":"2023-05-03T10:28:33","guid":{"rendered":"http:\/\/turanstg.ycms2.com\/?post_type=product&#038;p=880"},"modified":"2023-11-29T14:11:15","modified_gmt":"2023-11-29T14:11:15","slug":"seperator","status":"publish","type":"product","link":"https:\/\/turanambalaj.com\/en\/urunler\/seperatorler\/seperator\/","title":{"rendered":"SEPERATOR"},"content":{"rendered":"It is a special recyclable plastic carrier aimed at protecting and transporting plastic food packaging.","protected":false},"excerpt":{"rendered":"<p>It is a special recyclable plastic carrier aimed at protecting and transporting plastic food packaging.<\/p>","protected":false},"featured_media":1247,"comment_status":"open","ping_status":"closed","template":"","meta":[],"product_cat":[30],"product_tag":[],"class_list":["post-880","product","type-product","status-publish","has-post-thumbnail","hentry","product_cat-seperatorler"],"acf":[],"yoast_head":"<!-- This site is optimized with the Yoast SEO plugin v21.2 - https:\/\/yoast.com\/wordpress\/plugins\/seo\/ -->\n<title>SEPERATOR - Turan Plastic<\/title>\n<meta name=\"robots\" content=\"index, follow, max-snippet:-1, max-image-preview:large, max-video-preview:-1\" \/>\n<link rel=\"canonical\" href=\"https:\/\/turanambalaj.com\/en\/urunler\/seperatorler\/seperator\/\" \/>\n<meta property=\"og:locale\" content=\"en_US\" \/>\n<meta property=\"og:type\" content=\"article\" \/>\n<meta property=\"og:title\" content=\"SEPERATOR - Turan Plastic\" \/>\n<meta property=\"og:description\" content=\"Plastik g\u0131da ambalajlar\u0131n\u0131 korumay\u0131 ve ta\u015f\u0131may\u0131 ama\u00e7layan , geri d\u00f6n\u00fc\u015ft\u00fcr\u00fclebilir \u00f6zel plastik ta\u015f\u0131y\u0131c\u0131d\u0131r.\" \/>\n<meta property=\"og:url\" content=\"https:\/\/turanambalaj.com\/en\/urunler\/seperatorler\/seperator\/\" \/>\n<meta property=\"og:site_name\" content=\"Turan Plastic\" \/>\n<meta property=\"article:modified_time\" content=\"2023-11-29T14:11:15+00:00\" \/>\n<meta property=\"og:image\" content=\"https:\/\/turanambalaj.com\/wp-content\/uploads\/2023\/05\/separator-urun.jpg\" \/>\n\t<meta property=\"og:image:width\" content=\"1200\" \/>\n\t<meta property=\"og:image:height\" content=\"1200\" \/>\n\t<meta property=\"og:image:type\" content=\"image\/jpeg\" \/>\n<meta name=\"twitter:card\" content=\"summary_large_image\" \/>\n<meta name=\"twitter:label1\" content=\"Est. reading time\" \/>\n\t<meta name=\"twitter:data1\" content=\"1 minute\" \/>\n<script type=\"application\/ld+json\" class=\"yoast-schema-graph\">{\"@context\":\"https:\/\/schema.org\",\"@graph\":[{\"@type\":\"WebPage\",\"@id\":\"https:\/\/turanambalaj.com\/urunler\/seperatorler\/seperator\/\",\"url\":\"https:\/\/turanambalaj.com\/urunler\/seperatorler\/seperator\/\",\"name\":\"SEPERATOR - Turan Plastic\",\"isPartOf\":{\"@id\":\"https:\/\/turanambalaj.com\/tr\/#website\"},\"datePublished\":\"2023-05-03T10:28:33+00:00\",\"dateModified\":\"2023-11-29T14:11:15+00:00\",\"breadcrumb\":{\"@id\":\"https:\/\/turanambalaj.com\/urunler\/seperatorler\/seperator\/#breadcrumb\"},\"inLanguage\":\"en-US\",\"potentialAction\":[{\"@type\":\"ReadAction\",\"target\":[\"https:\/\/turanambalaj.com\/urunler\/seperatorler\/seperator\/\"]}]},{\"@type\":\"BreadcrumbList\",\"@id\":\"https:\/\/turanambalaj.com\/urunler\/seperatorler\/seperator\/#breadcrumb\",\"itemListElement\":[{\"@type\":\"ListItem\",\"position\":1,\"name\":\"Anasayfa\",\"item\":\"https:\/\/turanambalaj.com\/\"},{\"@type\":\"ListItem\",\"position\":2,\"name\":\"\u00dcr\u00fcnler\",\"item\":\"https:\/\/turanambalaj.com\/tr\/urunler\/\"},{\"@type\":\"ListItem\",\"position\":3,\"name\":\"Seperat\u00f6rler\",\"item\":\"https:\/\/turanambalaj.com\/kategori\/seperatorler\/\"},{\"@type\":\"ListItem\",\"position\":4,\"name\":\"SEPERATOR\"}]},{\"@type\":\"WebSite\",\"@id\":\"https:\/\/turanambalaj.com\/tr\/#website\",\"url\":\"https:\/\/turanambalaj.com\/tr\/\",\"name\":\"Turan Plastic\",\"description\":\"Just another WordPress site\",\"potentialAction\":[{\"@type\":\"SearchAction\",\"target\":{\"@type\":\"EntryPoint\",\"urlTemplate\":\"https:\/\/turanambalaj.com\/tr\/?s={search_term_string}\"},\"query-input\":\"required name=search_term_string\"}],\"inLanguage\":\"en-US\"}]}<\/script>\n<!-- \/ Yoast SEO plugin. -->","yoast_head_json":{"title":"SEPERATOR - Turan Plastic","robots":{"index":"index","follow":"follow","max-snippet":"max-snippet:-1","max-image-preview":"max-image-preview:large","max-video-preview":"max-video-preview:-1"},"canonical":"https:\/\/turanambalaj.com\/en\/urunler\/seperatorler\/seperator\/","og_locale":"en_US","og_type":"article","og_title":"SEPERATOR - Turan Plastic","og_description":"Plastik g\u0131da ambalajlar\u0131n\u0131 korumay\u0131 ve ta\u015f\u0131may\u0131 ama\u00e7layan , geri d\u00f6n\u00fc\u015ft\u00fcr\u00fclebilir \u00f6zel plastik ta\u015f\u0131y\u0131c\u0131d\u0131r.","og_url":"https:\/\/turanambalaj.com\/en\/urunler\/seperatorler\/seperator\/","og_site_name":"Turan Plastic","article_modified_time":"2023-11-29T14:11:15+00:00","og_image":[{"width":1200,"height":1200,"url":"https:\/\/turanambalaj.com\/wp-content\/uploads\/2023\/05\/separator-urun.jpg","type":"image\/jpeg"}],"twitter_card":"summary_large_image","twitter_misc":{"Est. reading time":"1 minute"},"schema":{"@context":"https:\/\/schema.org","@graph":[{"@type":"WebPage","@id":"https:\/\/turanambalaj.com\/urunler\/seperatorler\/seperator\/","url":"https:\/\/turanambalaj.com\/urunler\/seperatorler\/seperator\/","name":"SEPERATOR - Turan Plastic","isPartOf":{"@id":"https:\/\/turanambalaj.com\/tr\/#website"},"datePublished":"2023-05-03T10:28:33+00:00","dateModified":"2023-11-29T14:11:15+00:00","breadcrumb":{"@id":"https:\/\/turanambalaj.com\/urunler\/seperatorler\/seperator\/#breadcrumb"},"inLanguage":"en-US","potentialAction":[{"@type":"ReadAction","target":["https:\/\/turanambalaj.com\/urunler\/seperatorler\/seperator\/"]}]},{"@type":"BreadcrumbList","@id":"https:\/\/turanambalaj.com\/urunler\/seperatorler\/seperator\/#breadcrumb","itemListElement":[{"@type":"ListItem","position":1,"name":"Anasayfa","item":"https:\/\/turanambalaj.com\/"},{"@type":"ListItem","position":2,"name":"\u00dcr\u00fcnler","item":"https:\/\/turanambalaj.com\/tr\/urunler\/"},{"@type":"ListItem","position":3,"name":"Seperat\u00f6rler","item":"https:\/\/turanambalaj.com\/kategori\/seperatorler\/"},{"@type":"ListItem","position":4,"name":"SEPERATOR"}]},{"@type":"WebSite","@id":"https:\/\/turanambalaj.com\/tr\/#website","url":"https:\/\/turanambalaj.com\/tr\/","name":"Turan Plastic","description":"Just another WordPress site","potentialAction":[{"@type":"SearchAction","target":{"@type":"EntryPoint","urlTemplate":"https:\/\/turanambalaj.com\/tr\/?s={search_term_string}"},"query-input":"required name=search_term_string"}],"inLanguage":"en-US"}]}},"_links":{"self":[{"href":"https:\/\/turanambalaj.com\/en\/wp-json\/wp\/v2\/product\/880","targetHints":{"allow":["GET"]}}],"collection":[{"href":"https:\/\/turanambalaj.com\/en\/wp-json\/wp\/v2\/product"}],"about":[{"href":"https:\/\/turanambalaj.com\/en\/wp-json\/wp\/v2\/types\/product"}],"replies":[{"embeddable":true,"href":"https:\/\/turanambalaj.com\/en\/wp-json\/wp\/v2\/comments?post=880"}],"wp:featuredmedia":[{"embeddable":true,"href":"https:\/\/turanambalaj.com\/en\/wp-json\/wp\/v2\/media\/1247"}],"wp:attachment":[{"href":"https:\/\/turanambalaj.com\/en\/wp-json\/wp\/v2\/media?parent=880"}],"wp:term":[{"taxonomy":"product_cat","embeddable":true,"href":"https:\/\/turanambalaj.com\/en\/wp-json\/wp\/v2\/product_cat?post=880"},{"taxonomy":"product_tag","embeddable":true,"href":"https:\/\/turanambalaj.com\/en\/wp-json\/wp\/v2\/product_tag?post=880"}],"curies":[{"name":"wp","href":"https:\/\/api.w.org\/{rel}","templated":true}]}}