{"id":877,"date":"2023-05-03T10:11:52","date_gmt":"2023-05-03T10:11:52","guid":{"rendered":"http:\/\/turanstg.ycms2.com\/?post_type=product&#038;p=877"},"modified":"2023-11-10T18:00:26","modified_gmt":"2023-11-10T18:00:26","slug":"ffs-levha","status":"publish","type":"product","link":"https:\/\/turanambalaj.com\/en\/urunler\/ffs-levha\/ffs-levha\/","title":{"rendered":"FFS-LEVHA"},"content":{"rendered":"<strong>TURAN PLASTIC<\/strong>PS rigid sheets for use in Form-Film-Seal machines for all kinds of dairy products.\r\n<\/br>\r\n<\/br>\r\n<em><strong>Main Features:<\/strong><\/em>\r\n<ul>\r\n \t<li>Good mechanical properties<\/li>\r\n \t<li>Easy thermoforming characteristics<\/li>\r\n \t<li>Good sealing qualities<\/li>\r\n<\/ul>","protected":false},"excerpt":{"rendered":"<p>TURAN AMBALAJ, S\u00fct \u00dcr\u00fcnleri i\u00e7in Form- Fill- Seal makinelerde kullan\u0131m i\u00e7in Polistren sert levhalar. Ana \u00d6zellikler: \u0130yi mekanik \u00f6zellikler Kolay \u015fekilleme yap\u0131s\u0131 \u0130yi yap\u0131\u015fma kalitesi<\/p>","protected":false},"featured_media":1440,"comment_status":"open","ping_status":"closed","template":"","meta":[],"product_cat":[32],"product_tag":[],"class_list":["post-877","product","type-product","status-publish","has-post-thumbnail","hentry","product_cat-ffs-levha"],"acf":[],"yoast_head":"<!-- This site is optimized with the Yoast SEO plugin v21.2 - https:\/\/yoast.com\/wordpress\/plugins\/seo\/ -->\n<title>FFS-LEVHA - Turan Plastic<\/title>\n<meta name=\"robots\" content=\"index, follow, max-snippet:-1, max-image-preview:large, max-video-preview:-1\" \/>\n<link rel=\"canonical\" href=\"https:\/\/turanambalaj.com\/en\/urunler\/ffs-levha\/ffs-levha\/\" \/>\n<meta property=\"og:locale\" content=\"en_US\" \/>\n<meta property=\"og:type\" content=\"article\" \/>\n<meta property=\"og:title\" content=\"FFS-LEVHA - Turan Plastic\" \/>\n<meta property=\"og:description\" content=\"TURAN AMBALAJ, S\u00fct \u00dcr\u00fcnleri i\u00e7in Form- Fill- Seal makinelerde kullan\u0131m i\u00e7in Polistren sert levhalar. Ana \u00d6zellikler: \u0130yi mekanik \u00f6zellikler Kolay \u015fekilleme yap\u0131s\u0131 \u0130yi yap\u0131\u015fma kalitesi\" \/>\n<meta property=\"og:url\" content=\"https:\/\/turanambalaj.com\/en\/urunler\/ffs-levha\/ffs-levha\/\" \/>\n<meta property=\"og:site_name\" content=\"Turan Plastic\" \/>\n<meta property=\"article:modified_time\" content=\"2023-11-10T18:00:26+00:00\" \/>\n<meta property=\"og:image\" content=\"https:\/\/turanambalaj.com\/wp-content\/uploads\/2023\/11\/ffs-1.jpg\" \/>\n\t<meta property=\"og:image:width\" content=\"1300\" \/>\n\t<meta property=\"og:image:height\" content=\"1000\" \/>\n\t<meta property=\"og:image:type\" content=\"image\/jpeg\" \/>\n<meta name=\"twitter:card\" content=\"summary_large_image\" \/>\n<meta name=\"twitter:label1\" content=\"Est. reading time\" \/>\n\t<meta name=\"twitter:data1\" content=\"1 minute\" \/>\n<script type=\"application\/ld+json\" class=\"yoast-schema-graph\">{\"@context\":\"https:\/\/schema.org\",\"@graph\":[{\"@type\":\"WebPage\",\"@id\":\"https:\/\/turanambalaj.com\/urunler\/ffs-levha\/ffs-levha\/\",\"url\":\"https:\/\/turanambalaj.com\/urunler\/ffs-levha\/ffs-levha\/\",\"name\":\"FFS-LEVHA - Turan Plastic\",\"isPartOf\":{\"@id\":\"https:\/\/turanambalaj.com\/tr\/#website\"},\"datePublished\":\"2023-05-03T10:11:52+00:00\",\"dateModified\":\"2023-11-10T18:00:26+00:00\",\"breadcrumb\":{\"@id\":\"https:\/\/turanambalaj.com\/urunler\/ffs-levha\/ffs-levha\/#breadcrumb\"},\"inLanguage\":\"en-US\",\"potentialAction\":[{\"@type\":\"ReadAction\",\"target\":[\"https:\/\/turanambalaj.com\/urunler\/ffs-levha\/ffs-levha\/\"]}]},{\"@type\":\"BreadcrumbList\",\"@id\":\"https:\/\/turanambalaj.com\/urunler\/ffs-levha\/ffs-levha\/#breadcrumb\",\"itemListElement\":[{\"@type\":\"ListItem\",\"position\":1,\"name\":\"Anasayfa\",\"item\":\"https:\/\/turanambalaj.com\/\"},{\"@type\":\"ListItem\",\"position\":2,\"name\":\"\u00dcr\u00fcnler\",\"item\":\"https:\/\/turanambalaj.com\/tr\/urunler\/\"},{\"@type\":\"ListItem\",\"position\":3,\"name\":\"FFS Levha\",\"item\":\"https:\/\/turanambalaj.com\/kategori\/ffs-levha\/\"},{\"@type\":\"ListItem\",\"position\":4,\"name\":\"FFS-LEVHA\"}]},{\"@type\":\"WebSite\",\"@id\":\"https:\/\/turanambalaj.com\/tr\/#website\",\"url\":\"https:\/\/turanambalaj.com\/tr\/\",\"name\":\"Turan Plastic\",\"description\":\"Just another WordPress site\",\"potentialAction\":[{\"@type\":\"SearchAction\",\"target\":{\"@type\":\"EntryPoint\",\"urlTemplate\":\"https:\/\/turanambalaj.com\/tr\/?s={search_term_string}\"},\"query-input\":\"required name=search_term_string\"}],\"inLanguage\":\"en-US\"}]}<\/script>\n<!-- \/ Yoast SEO plugin. -->","yoast_head_json":{"title":"FFS-LEVHA - Turan Plastic","robots":{"index":"index","follow":"follow","max-snippet":"max-snippet:-1","max-image-preview":"max-image-preview:large","max-video-preview":"max-video-preview:-1"},"canonical":"https:\/\/turanambalaj.com\/en\/urunler\/ffs-levha\/ffs-levha\/","og_locale":"en_US","og_type":"article","og_title":"FFS-LEVHA - Turan Plastic","og_description":"TURAN AMBALAJ, S\u00fct \u00dcr\u00fcnleri i\u00e7in Form- Fill- Seal makinelerde kullan\u0131m i\u00e7in Polistren sert levhalar. Ana \u00d6zellikler: \u0130yi mekanik \u00f6zellikler Kolay \u015fekilleme yap\u0131s\u0131 \u0130yi yap\u0131\u015fma kalitesi","og_url":"https:\/\/turanambalaj.com\/en\/urunler\/ffs-levha\/ffs-levha\/","og_site_name":"Turan Plastic","article_modified_time":"2023-11-10T18:00:26+00:00","og_image":[{"width":1300,"height":1000,"url":"https:\/\/turanambalaj.com\/wp-content\/uploads\/2023\/11\/ffs-1.jpg","type":"image\/jpeg"}],"twitter_card":"summary_large_image","twitter_misc":{"Est. reading time":"1 minute"},"schema":{"@context":"https:\/\/schema.org","@graph":[{"@type":"WebPage","@id":"https:\/\/turanambalaj.com\/urunler\/ffs-levha\/ffs-levha\/","url":"https:\/\/turanambalaj.com\/urunler\/ffs-levha\/ffs-levha\/","name":"FFS-LEVHA - Turan Plastic","isPartOf":{"@id":"https:\/\/turanambalaj.com\/tr\/#website"},"datePublished":"2023-05-03T10:11:52+00:00","dateModified":"2023-11-10T18:00:26+00:00","breadcrumb":{"@id":"https:\/\/turanambalaj.com\/urunler\/ffs-levha\/ffs-levha\/#breadcrumb"},"inLanguage":"en-US","potentialAction":[{"@type":"ReadAction","target":["https:\/\/turanambalaj.com\/urunler\/ffs-levha\/ffs-levha\/"]}]},{"@type":"BreadcrumbList","@id":"https:\/\/turanambalaj.com\/urunler\/ffs-levha\/ffs-levha\/#breadcrumb","itemListElement":[{"@type":"ListItem","position":1,"name":"Anasayfa","item":"https:\/\/turanambalaj.com\/"},{"@type":"ListItem","position":2,"name":"\u00dcr\u00fcnler","item":"https:\/\/turanambalaj.com\/tr\/urunler\/"},{"@type":"ListItem","position":3,"name":"FFS Levha","item":"https:\/\/turanambalaj.com\/kategori\/ffs-levha\/"},{"@type":"ListItem","position":4,"name":"FFS-LEVHA"}]},{"@type":"WebSite","@id":"https:\/\/turanambalaj.com\/tr\/#website","url":"https:\/\/turanambalaj.com\/tr\/","name":"Turan Plastic","description":"Just another WordPress site","potentialAction":[{"@type":"SearchAction","target":{"@type":"EntryPoint","urlTemplate":"https:\/\/turanambalaj.com\/tr\/?s={search_term_string}"},"query-input":"required name=search_term_string"}],"inLanguage":"en-US"}]}},"_links":{"self":[{"href":"https:\/\/turanambalaj.com\/en\/wp-json\/wp\/v2\/product\/877","targetHints":{"allow":["GET"]}}],"collection":[{"href":"https:\/\/turanambalaj.com\/en\/wp-json\/wp\/v2\/product"}],"about":[{"href":"https:\/\/turanambalaj.com\/en\/wp-json\/wp\/v2\/types\/product"}],"replies":[{"embeddable":true,"href":"https:\/\/turanambalaj.com\/en\/wp-json\/wp\/v2\/comments?post=877"}],"wp:featuredmedia":[{"embeddable":true,"href":"https:\/\/turanambalaj.com\/en\/wp-json\/wp\/v2\/media\/1440"}],"wp:attachment":[{"href":"https:\/\/turanambalaj.com\/en\/wp-json\/wp\/v2\/media?parent=877"}],"wp:term":[{"taxonomy":"product_cat","embeddable":true,"href":"https:\/\/turanambalaj.com\/en\/wp-json\/wp\/v2\/product_cat?post=877"},{"taxonomy":"product_tag","embeddable":true,"href":"https:\/\/turanambalaj.com\/en\/wp-json\/wp\/v2\/product_tag?post=877"}],"curies":[{"name":"wp","href":"https:\/\/api.w.org\/{rel}","templated":true}]}}