{"id":653,"date":"2023-01-25T11:28:07","date_gmt":"2023-01-25T11:28:07","guid":{"rendered":"http:\/\/turanstg.ycms2.com\/?post_type=product&#038;p=653"},"modified":"2023-11-27T13:38:06","modified_gmt":"2023-11-27T13:38:06","slug":"160-kulplu","status":"publish","type":"product","link":"https:\/\/turanambalaj.com\/en\/urunler\/kapaklar\/160-kulplu\/","title":{"rendered":"160-FLAT-LID-WITH-HANDLE"},"content":{"rendered":"<strong>TURAN PLASTIC<\/strong>, produces plastic cups, containers, lids, separators, and rigid sheets using thermoforming technologies from PP, PP-EVOH-PP, PS, and PET materials for domestic and international markets.","protected":false},"excerpt":{"rendered":"<p class=\"translation-block\"><strong>TURAN PLASTIC<\/strong>,produces plastic cups, containers, lids, separators, and rigid sheets made from PP, PP-EVOH-PP, PS, and PET materials for domestic and international markets using thermoforming technologies.<\/p>","protected":false},"featured_media":1088,"comment_status":"open","ping_status":"closed","template":"","meta":[],"product_cat":[18],"product_tag":[],"class_list":["post-653","product","type-product","status-publish","has-post-thumbnail","hentry","product_cat-kapaklar"],"acf":[],"yoast_head":"<!-- This site is optimized with the Yoast SEO plugin v21.2 - https:\/\/yoast.com\/wordpress\/plugins\/seo\/ -->\n<title>160-KULPLU - Turan Plastic<\/title>\n<meta name=\"robots\" content=\"index, follow, max-snippet:-1, max-image-preview:large, max-video-preview:-1\" \/>\n<link rel=\"canonical\" href=\"https:\/\/turanambalaj.com\/en\/urunler\/kapaklar\/160-kulplu\/\" \/>\n<meta property=\"og:locale\" content=\"en_US\" \/>\n<meta property=\"og:type\" content=\"article\" \/>\n<meta property=\"og:title\" content=\"160-KULPLU - Turan Plastic\" \/>\n<meta property=\"og:description\" content=\"TURAN AMBALAJ, termoform teknolojileri kullanarak yerli ve uluslararas\u0131 piyasalar i\u00e7in PP, PP-EVOH-PP, PS ve PET malzemelerden yap\u0131lm\u0131\u015f plastik bardak, kap, kapak, separat\u00f6r ve sert levhalar\u0131n \u00fcretimini yapmaktad\u0131r.\" \/>\n<meta property=\"og:url\" content=\"https:\/\/turanambalaj.com\/en\/urunler\/kapaklar\/160-kulplu\/\" \/>\n<meta property=\"og:site_name\" content=\"Turan Plastic\" \/>\n<meta property=\"article:modified_time\" content=\"2023-11-27T13:38:06+00:00\" \/>\n<meta property=\"og:image\" content=\"https:\/\/turanambalaj.com\/wp-content\/uploads\/2023\/07\/160_KULPLU_270.jpg\" \/>\n\t<meta property=\"og:image:width\" content=\"1200\" \/>\n\t<meta property=\"og:image:height\" content=\"1200\" \/>\n\t<meta property=\"og:image:type\" content=\"image\/jpeg\" \/>\n<meta name=\"twitter:card\" content=\"summary_large_image\" \/>\n<meta name=\"twitter:label1\" content=\"Est. reading time\" \/>\n\t<meta name=\"twitter:data1\" content=\"1 minute\" \/>\n<script type=\"application\/ld+json\" class=\"yoast-schema-graph\">{\"@context\":\"https:\/\/schema.org\",\"@graph\":[{\"@type\":\"WebPage\",\"@id\":\"https:\/\/turanambalaj.com\/urunler\/kapaklar\/160-kulplu\/\",\"url\":\"https:\/\/turanambalaj.com\/urunler\/kapaklar\/160-kulplu\/\",\"name\":\"160-KULPLU - Turan Plastic\",\"isPartOf\":{\"@id\":\"https:\/\/turanambalaj.com\/tr\/#website\"},\"datePublished\":\"2023-01-25T11:28:07+00:00\",\"dateModified\":\"2023-11-27T13:38:06+00:00\",\"breadcrumb\":{\"@id\":\"https:\/\/turanambalaj.com\/urunler\/kapaklar\/160-kulplu\/#breadcrumb\"},\"inLanguage\":\"en-US\",\"potentialAction\":[{\"@type\":\"ReadAction\",\"target\":[\"https:\/\/turanambalaj.com\/urunler\/kapaklar\/160-kulplu\/\"]}]},{\"@type\":\"BreadcrumbList\",\"@id\":\"https:\/\/turanambalaj.com\/urunler\/kapaklar\/160-kulplu\/#breadcrumb\",\"itemListElement\":[{\"@type\":\"ListItem\",\"position\":1,\"name\":\"Anasayfa\",\"item\":\"https:\/\/turanambalaj.com\/\"},{\"@type\":\"ListItem\",\"position\":2,\"name\":\"\u00dcr\u00fcnler\",\"item\":\"https:\/\/turanambalaj.com\/tr\/urunler\/\"},{\"@type\":\"ListItem\",\"position\":3,\"name\":\"Kapaklar\",\"item\":\"https:\/\/turanambalaj.com\/kategori\/kapaklar\/\"},{\"@type\":\"ListItem\",\"position\":4,\"name\":\"160-KULPLU\"}]},{\"@type\":\"WebSite\",\"@id\":\"https:\/\/turanambalaj.com\/tr\/#website\",\"url\":\"https:\/\/turanambalaj.com\/tr\/\",\"name\":\"Turan Plastic\",\"description\":\"Just another WordPress site\",\"potentialAction\":[{\"@type\":\"SearchAction\",\"target\":{\"@type\":\"EntryPoint\",\"urlTemplate\":\"https:\/\/turanambalaj.com\/tr\/?s={search_term_string}\"},\"query-input\":\"required name=search_term_string\"}],\"inLanguage\":\"en-US\"}]}<\/script>\n<!-- \/ Yoast SEO plugin. -->","yoast_head_json":{"title":"160-KULPLU - Turan Plastic","robots":{"index":"index","follow":"follow","max-snippet":"max-snippet:-1","max-image-preview":"max-image-preview:large","max-video-preview":"max-video-preview:-1"},"canonical":"https:\/\/turanambalaj.com\/en\/urunler\/kapaklar\/160-kulplu\/","og_locale":"en_US","og_type":"article","og_title":"160-KULPLU - Turan Plastic","og_description":"TURAN AMBALAJ, termoform teknolojileri kullanarak yerli ve uluslararas\u0131 piyasalar i\u00e7in PP, PP-EVOH-PP, PS ve PET malzemelerden yap\u0131lm\u0131\u015f plastik bardak, kap, kapak, separat\u00f6r ve sert levhalar\u0131n \u00fcretimini yapmaktad\u0131r.","og_url":"https:\/\/turanambalaj.com\/en\/urunler\/kapaklar\/160-kulplu\/","og_site_name":"Turan Plastic","article_modified_time":"2023-11-27T13:38:06+00:00","og_image":[{"width":1200,"height":1200,"url":"https:\/\/turanambalaj.com\/wp-content\/uploads\/2023\/07\/160_KULPLU_270.jpg","type":"image\/jpeg"}],"twitter_card":"summary_large_image","twitter_misc":{"Est. reading time":"1 minute"},"schema":{"@context":"https:\/\/schema.org","@graph":[{"@type":"WebPage","@id":"https:\/\/turanambalaj.com\/urunler\/kapaklar\/160-kulplu\/","url":"https:\/\/turanambalaj.com\/urunler\/kapaklar\/160-kulplu\/","name":"160-KULPLU - Turan Plastic","isPartOf":{"@id":"https:\/\/turanambalaj.com\/tr\/#website"},"datePublished":"2023-01-25T11:28:07+00:00","dateModified":"2023-11-27T13:38:06+00:00","breadcrumb":{"@id":"https:\/\/turanambalaj.com\/urunler\/kapaklar\/160-kulplu\/#breadcrumb"},"inLanguage":"en-US","potentialAction":[{"@type":"ReadAction","target":["https:\/\/turanambalaj.com\/urunler\/kapaklar\/160-kulplu\/"]}]},{"@type":"BreadcrumbList","@id":"https:\/\/turanambalaj.com\/urunler\/kapaklar\/160-kulplu\/#breadcrumb","itemListElement":[{"@type":"ListItem","position":1,"name":"Anasayfa","item":"https:\/\/turanambalaj.com\/"},{"@type":"ListItem","position":2,"name":"\u00dcr\u00fcnler","item":"https:\/\/turanambalaj.com\/tr\/urunler\/"},{"@type":"ListItem","position":3,"name":"Kapaklar","item":"https:\/\/turanambalaj.com\/kategori\/kapaklar\/"},{"@type":"ListItem","position":4,"name":"160-KULPLU"}]},{"@type":"WebSite","@id":"https:\/\/turanambalaj.com\/tr\/#website","url":"https:\/\/turanambalaj.com\/tr\/","name":"Turan Plastic","description":"Just another WordPress site","potentialAction":[{"@type":"SearchAction","target":{"@type":"EntryPoint","urlTemplate":"https:\/\/turanambalaj.com\/tr\/?s={search_term_string}"},"query-input":"required name=search_term_string"}],"inLanguage":"en-US"}]}},"_links":{"self":[{"href":"https:\/\/turanambalaj.com\/en\/wp-json\/wp\/v2\/product\/653","targetHints":{"allow":["GET"]}}],"collection":[{"href":"https:\/\/turanambalaj.com\/en\/wp-json\/wp\/v2\/product"}],"about":[{"href":"https:\/\/turanambalaj.com\/en\/wp-json\/wp\/v2\/types\/product"}],"replies":[{"embeddable":true,"href":"https:\/\/turanambalaj.com\/en\/wp-json\/wp\/v2\/comments?post=653"}],"wp:featuredmedia":[{"embeddable":true,"href":"https:\/\/turanambalaj.com\/en\/wp-json\/wp\/v2\/media\/1088"}],"wp:attachment":[{"href":"https:\/\/turanambalaj.com\/en\/wp-json\/wp\/v2\/media?parent=653"}],"wp:term":[{"taxonomy":"product_cat","embeddable":true,"href":"https:\/\/turanambalaj.com\/en\/wp-json\/wp\/v2\/product_cat?post=653"},{"taxonomy":"product_tag","embeddable":true,"href":"https:\/\/turanambalaj.com\/en\/wp-json\/wp\/v2\/product_tag?post=653"}],"curies":[{"name":"wp","href":"https:\/\/api.w.org\/{rel}","templated":true}]}}