{"id":216,"date":"2022-05-18T13:06:21","date_gmt":"2022-05-18T13:06:21","guid":{"rendered":"http:\/\/turanstg.ycms2.com\/?page_id=216"},"modified":"2025-02-04T21:19:38","modified_gmt":"2025-02-04T21:19:38","slug":"hakkimizda","status":"publish","type":"page","link":"https:\/\/turanambalaj.com\/en\/kurumsal\/hakkimizda\/","title":{"rendered":"About Us"},"content":{"rendered":"","protected":false},"excerpt":{"rendered":"","protected":false},"author":1,"featured_media":0,"parent":8,"menu_order":0,"comment_status":"closed","ping_status":"closed","template":"","meta":{"footnotes":""},"class_list":["post-216","page","type-page","status-publish","hentry"],"acf":[],"yoast_head":"<!-- This site is optimized with the Yoast SEO plugin v21.2 - https:\/\/yoast.com\/wordpress\/plugins\/seo\/ -->\n<title>Hakk\u0131m\u0131zda - Turan Plastic<\/title>\n<meta name=\"description\" content=\"Turan Plastik, 1974 y\u0131l\u0131nda \u201cTuran Ailesi\u201d taraf\u0131ndan kurulmu\u015f ve ticari faaliyetlerine ba\u015flam\u0131\u015ft\u0131r. Yapt\u0131\u011f\u0131 i\u015flerde her zaman kaliteyi ve m\u00fc\u015fteri memnuniyetini \u00f6n planda tutan firmam\u0131z, bu politikas\u0131ndan \u00f6d\u00fcn vermeden ve standartlar\u0131n\u0131 koruyarak \u00e7al\u0131\u015fmalar\u0131na devam etmekte ve s\u00fcrd\u00fcr\u00fclebilir b\u00fcy\u00fcme odakl\u0131 bir strateji ile ilerlemektedir. Firmam\u0131z, daha kaliteli bir hizmet sunmak i\u00e7in personellerinin gerek i\u015f deneyimlerini artt\u0131rmak, gerekse kurumsal bilgi birikimlerini art\u0131rmak amac\u0131yla s\u00fcrekli hizmet i\u00e7i e\u011fitimler d\u00fczenlemektedir. Kuruldu\u011fu g\u00fcnden bu yana faaliyetlerini \u00fclke ekonomisinin b\u00fcy\u00fcmesi, geli\u015fimi ve d\u00fcnya ekonomisiyle b\u00fct\u00fcnle\u015fmesine\u00a0katk\u0131da bulunmak amac\u0131yla s\u00fcrd\u00fcren Turan Ambalaj, plastik sekt\u00f6r\u00fcn\u00fcn simgesi olmu\u015ftur. \u015eirket k\u00fclt\u00fcr\u00fcn\u00fc benimseyen her TURAN PLAST\u0130K \u00e7al\u0131\u015fan\u0131 m\u00fc\u015fteri odakl\u0131, yeniliklere a\u00e7\u0131k, sorumluluk sahibi olmas\u0131 gerekmektedir.\" \/>\n<meta name=\"robots\" content=\"index, follow, max-snippet:-1, max-image-preview:large, max-video-preview:-1\" \/>\n<link rel=\"canonical\" href=\"https:\/\/turanambalaj.com\/en\/kurumsal\/hakkimizda\/\" \/>\n<meta property=\"og:locale\" content=\"en_US\" \/>\n<meta property=\"og:type\" content=\"article\" \/>\n<meta property=\"og:title\" content=\"Hakk\u0131m\u0131zda - Turan Plastic\" \/>\n<meta property=\"og:description\" content=\"Turan Plastik, 1974 y\u0131l\u0131nda \u201cTuran Ailesi\u201d taraf\u0131ndan kurulmu\u015f ve ticari faaliyetlerine ba\u015flam\u0131\u015ft\u0131r. Yapt\u0131\u011f\u0131 i\u015flerde her zaman kaliteyi ve m\u00fc\u015fteri memnuniyetini \u00f6n planda tutan firmam\u0131z, bu politikas\u0131ndan \u00f6d\u00fcn vermeden ve standartlar\u0131n\u0131 koruyarak \u00e7al\u0131\u015fmalar\u0131na devam etmekte ve s\u00fcrd\u00fcr\u00fclebilir b\u00fcy\u00fcme odakl\u0131 bir strateji ile ilerlemektedir. Firmam\u0131z, daha kaliteli bir hizmet sunmak i\u00e7in personellerinin gerek i\u015f deneyimlerini artt\u0131rmak, gerekse kurumsal bilgi birikimlerini art\u0131rmak amac\u0131yla s\u00fcrekli hizmet i\u00e7i e\u011fitimler d\u00fczenlemektedir. Kuruldu\u011fu g\u00fcnden bu yana faaliyetlerini \u00fclke ekonomisinin b\u00fcy\u00fcmesi, geli\u015fimi ve d\u00fcnya ekonomisiyle b\u00fct\u00fcnle\u015fmesine\u00a0katk\u0131da bulunmak amac\u0131yla s\u00fcrd\u00fcren Turan Ambalaj, plastik sekt\u00f6r\u00fcn\u00fcn simgesi olmu\u015ftur. \u015eirket k\u00fclt\u00fcr\u00fcn\u00fc benimseyen her TURAN PLAST\u0130K \u00e7al\u0131\u015fan\u0131 m\u00fc\u015fteri odakl\u0131, yeniliklere a\u00e7\u0131k, sorumluluk sahibi olmas\u0131 gerekmektedir.\" \/>\n<meta property=\"og:url\" content=\"https:\/\/turanambalaj.com\/en\/kurumsal\/hakkimizda\/\" \/>\n<meta property=\"og:site_name\" content=\"Turan Plastic\" \/>\n<meta property=\"article:modified_time\" content=\"2025-02-04T21:19:38+00:00\" \/>\n<meta name=\"twitter:card\" content=\"summary_large_image\" \/>\n<script type=\"application\/ld+json\" class=\"yoast-schema-graph\">{\"@context\":\"https:\/\/schema.org\",\"@graph\":[{\"@type\":\"WebPage\",\"@id\":\"https:\/\/turanambalaj.com\/kurumsal\/hakkimizda\/\",\"url\":\"https:\/\/turanambalaj.com\/kurumsal\/hakkimizda\/\",\"name\":\"Hakk\u0131m\u0131zda - Turan Plastic\",\"isPartOf\":{\"@id\":\"https:\/\/turanambalaj.com\/tr\/#website\"},\"datePublished\":\"2022-05-18T13:06:21+00:00\",\"dateModified\":\"2025-02-04T21:19:38+00:00\",\"description\":\"Turan Plastik, 1974 y\u0131l\u0131nda \u201cTuran Ailesi\u201d taraf\u0131ndan kurulmu\u015f ve ticari faaliyetlerine ba\u015flam\u0131\u015ft\u0131r. Yapt\u0131\u011f\u0131 i\u015flerde her zaman kaliteyi ve m\u00fc\u015fteri memnuniyetini \u00f6n planda tutan firmam\u0131z, bu politikas\u0131ndan \u00f6d\u00fcn vermeden ve standartlar\u0131n\u0131 koruyarak \u00e7al\u0131\u015fmalar\u0131na devam etmekte ve s\u00fcrd\u00fcr\u00fclebilir b\u00fcy\u00fcme odakl\u0131 bir strateji ile ilerlemektedir. Firmam\u0131z, daha kaliteli bir hizmet sunmak i\u00e7in personellerinin gerek i\u015f deneyimlerini artt\u0131rmak, gerekse kurumsal bilgi birikimlerini art\u0131rmak amac\u0131yla s\u00fcrekli hizmet i\u00e7i e\u011fitimler d\u00fczenlemektedir. Kuruldu\u011fu g\u00fcnden bu yana faaliyetlerini \u00fclke ekonomisinin b\u00fcy\u00fcmesi, geli\u015fimi ve d\u00fcnya ekonomisiyle b\u00fct\u00fcnle\u015fmesine\u00a0katk\u0131da bulunmak amac\u0131yla s\u00fcrd\u00fcren Turan Ambalaj, plastik sekt\u00f6r\u00fcn\u00fcn simgesi olmu\u015ftur. \u015eirket k\u00fclt\u00fcr\u00fcn\u00fc benimseyen her TURAN PLAST\u0130K \u00e7al\u0131\u015fan\u0131 m\u00fc\u015fteri odakl\u0131, yeniliklere a\u00e7\u0131k, sorumluluk sahibi olmas\u0131 gerekmektedir.\",\"breadcrumb\":{\"@id\":\"https:\/\/turanambalaj.com\/kurumsal\/hakkimizda\/#breadcrumb\"},\"inLanguage\":\"en-US\",\"potentialAction\":[{\"@type\":\"ReadAction\",\"target\":[\"https:\/\/turanambalaj.com\/kurumsal\/hakkimizda\/\"]}]},{\"@type\":\"BreadcrumbList\",\"@id\":\"https:\/\/turanambalaj.com\/kurumsal\/hakkimizda\/#breadcrumb\",\"itemListElement\":[{\"@type\":\"ListItem\",\"position\":1,\"name\":\"Anasayfa\",\"item\":\"https:\/\/turanambalaj.com\/\"},{\"@type\":\"ListItem\",\"position\":2,\"name\":\"Kurumsal\",\"item\":\"https:\/\/turanambalaj.com\/kurumsal\/\"},{\"@type\":\"ListItem\",\"position\":3,\"name\":\"Hakk\u0131m\u0131zda\"}]},{\"@type\":\"WebSite\",\"@id\":\"https:\/\/turanambalaj.com\/tr\/#website\",\"url\":\"https:\/\/turanambalaj.com\/tr\/\",\"name\":\"Turan Plastic\",\"description\":\"Just another WordPress site\",\"potentialAction\":[{\"@type\":\"SearchAction\",\"target\":{\"@type\":\"EntryPoint\",\"urlTemplate\":\"https:\/\/turanambalaj.com\/tr\/?s={search_term_string}\"},\"query-input\":\"required name=search_term_string\"}],\"inLanguage\":\"en-US\"}]}<\/script>\n<!-- \/ Yoast SEO plugin. -->","yoast_head_json":{"title":"Hakk\u0131m\u0131zda - Turan Plastic","description":"Turan Plastik, 1974 y\u0131l\u0131nda \u201cTuran Ailesi\u201d taraf\u0131ndan kurulmu\u015f ve ticari faaliyetlerine ba\u015flam\u0131\u015ft\u0131r. Yapt\u0131\u011f\u0131 i\u015flerde her zaman kaliteyi ve m\u00fc\u015fteri memnuniyetini \u00f6n planda tutan firmam\u0131z, bu politikas\u0131ndan \u00f6d\u00fcn vermeden ve standartlar\u0131n\u0131 koruyarak \u00e7al\u0131\u015fmalar\u0131na devam etmekte ve s\u00fcrd\u00fcr\u00fclebilir b\u00fcy\u00fcme odakl\u0131 bir strateji ile ilerlemektedir. Firmam\u0131z, daha kaliteli bir hizmet sunmak i\u00e7in personellerinin gerek i\u015f deneyimlerini artt\u0131rmak, gerekse kurumsal bilgi birikimlerini art\u0131rmak amac\u0131yla s\u00fcrekli hizmet i\u00e7i e\u011fitimler d\u00fczenlemektedir. Kuruldu\u011fu g\u00fcnden bu yana faaliyetlerini \u00fclke ekonomisinin b\u00fcy\u00fcmesi, geli\u015fimi ve d\u00fcnya ekonomisiyle b\u00fct\u00fcnle\u015fmesine\u00a0katk\u0131da bulunmak amac\u0131yla s\u00fcrd\u00fcren Turan Ambalaj, plastik sekt\u00f6r\u00fcn\u00fcn simgesi olmu\u015ftur. \u015eirket k\u00fclt\u00fcr\u00fcn\u00fc benimseyen her TURAN PLAST\u0130K \u00e7al\u0131\u015fan\u0131 m\u00fc\u015fteri odakl\u0131, yeniliklere a\u00e7\u0131k, sorumluluk sahibi olmas\u0131 gerekmektedir.","robots":{"index":"index","follow":"follow","max-snippet":"max-snippet:-1","max-image-preview":"max-image-preview:large","max-video-preview":"max-video-preview:-1"},"canonical":"https:\/\/turanambalaj.com\/en\/kurumsal\/hakkimizda\/","og_locale":"en_US","og_type":"article","og_title":"Hakk\u0131m\u0131zda - Turan Plastic","og_description":"Turan Plastik, 1974 y\u0131l\u0131nda \u201cTuran Ailesi\u201d taraf\u0131ndan kurulmu\u015f ve ticari faaliyetlerine ba\u015flam\u0131\u015ft\u0131r. Yapt\u0131\u011f\u0131 i\u015flerde her zaman kaliteyi ve m\u00fc\u015fteri memnuniyetini \u00f6n planda tutan firmam\u0131z, bu politikas\u0131ndan \u00f6d\u00fcn vermeden ve standartlar\u0131n\u0131 koruyarak \u00e7al\u0131\u015fmalar\u0131na devam etmekte ve s\u00fcrd\u00fcr\u00fclebilir b\u00fcy\u00fcme odakl\u0131 bir strateji ile ilerlemektedir. Firmam\u0131z, daha kaliteli bir hizmet sunmak i\u00e7in personellerinin gerek i\u015f deneyimlerini artt\u0131rmak, gerekse kurumsal bilgi birikimlerini art\u0131rmak amac\u0131yla s\u00fcrekli hizmet i\u00e7i e\u011fitimler d\u00fczenlemektedir. Kuruldu\u011fu g\u00fcnden bu yana faaliyetlerini \u00fclke ekonomisinin b\u00fcy\u00fcmesi, geli\u015fimi ve d\u00fcnya ekonomisiyle b\u00fct\u00fcnle\u015fmesine\u00a0katk\u0131da bulunmak amac\u0131yla s\u00fcrd\u00fcren Turan Ambalaj, plastik sekt\u00f6r\u00fcn\u00fcn simgesi olmu\u015ftur. \u015eirket k\u00fclt\u00fcr\u00fcn\u00fc benimseyen her TURAN PLAST\u0130K \u00e7al\u0131\u015fan\u0131 m\u00fc\u015fteri odakl\u0131, yeniliklere a\u00e7\u0131k, sorumluluk sahibi olmas\u0131 gerekmektedir.","og_url":"https:\/\/turanambalaj.com\/en\/kurumsal\/hakkimizda\/","og_site_name":"Turan Plastic","article_modified_time":"2025-02-04T21:19:38+00:00","twitter_card":"summary_large_image","schema":{"@context":"https:\/\/schema.org","@graph":[{"@type":"WebPage","@id":"https:\/\/turanambalaj.com\/kurumsal\/hakkimizda\/","url":"https:\/\/turanambalaj.com\/kurumsal\/hakkimizda\/","name":"Hakk\u0131m\u0131zda - Turan Plastic","isPartOf":{"@id":"https:\/\/turanambalaj.com\/tr\/#website"},"datePublished":"2022-05-18T13:06:21+00:00","dateModified":"2025-02-04T21:19:38+00:00","description":"Turan Plastik, 1974 y\u0131l\u0131nda \u201cTuran Ailesi\u201d taraf\u0131ndan kurulmu\u015f ve ticari faaliyetlerine ba\u015flam\u0131\u015ft\u0131r. Yapt\u0131\u011f\u0131 i\u015flerde her zaman kaliteyi ve m\u00fc\u015fteri memnuniyetini \u00f6n planda tutan firmam\u0131z, bu politikas\u0131ndan \u00f6d\u00fcn vermeden ve standartlar\u0131n\u0131 koruyarak \u00e7al\u0131\u015fmalar\u0131na devam etmekte ve s\u00fcrd\u00fcr\u00fclebilir b\u00fcy\u00fcme odakl\u0131 bir strateji ile ilerlemektedir. Firmam\u0131z, daha kaliteli bir hizmet sunmak i\u00e7in personellerinin gerek i\u015f deneyimlerini artt\u0131rmak, gerekse kurumsal bilgi birikimlerini art\u0131rmak amac\u0131yla s\u00fcrekli hizmet i\u00e7i e\u011fitimler d\u00fczenlemektedir. Kuruldu\u011fu g\u00fcnden bu yana faaliyetlerini \u00fclke ekonomisinin b\u00fcy\u00fcmesi, geli\u015fimi ve d\u00fcnya ekonomisiyle b\u00fct\u00fcnle\u015fmesine\u00a0katk\u0131da bulunmak amac\u0131yla s\u00fcrd\u00fcren Turan Ambalaj, plastik sekt\u00f6r\u00fcn\u00fcn simgesi olmu\u015ftur. \u015eirket k\u00fclt\u00fcr\u00fcn\u00fc benimseyen her TURAN PLAST\u0130K \u00e7al\u0131\u015fan\u0131 m\u00fc\u015fteri odakl\u0131, yeniliklere a\u00e7\u0131k, sorumluluk sahibi olmas\u0131 gerekmektedir.","breadcrumb":{"@id":"https:\/\/turanambalaj.com\/kurumsal\/hakkimizda\/#breadcrumb"},"inLanguage":"en-US","potentialAction":[{"@type":"ReadAction","target":["https:\/\/turanambalaj.com\/kurumsal\/hakkimizda\/"]}]},{"@type":"BreadcrumbList","@id":"https:\/\/turanambalaj.com\/kurumsal\/hakkimizda\/#breadcrumb","itemListElement":[{"@type":"ListItem","position":1,"name":"Anasayfa","item":"https:\/\/turanambalaj.com\/"},{"@type":"ListItem","position":2,"name":"Kurumsal","item":"https:\/\/turanambalaj.com\/kurumsal\/"},{"@type":"ListItem","position":3,"name":"Hakk\u0131m\u0131zda"}]},{"@type":"WebSite","@id":"https:\/\/turanambalaj.com\/tr\/#website","url":"https:\/\/turanambalaj.com\/tr\/","name":"Turan Plastic","description":"Just another WordPress site","potentialAction":[{"@type":"SearchAction","target":{"@type":"EntryPoint","urlTemplate":"https:\/\/turanambalaj.com\/tr\/?s={search_term_string}"},"query-input":"required name=search_term_string"}],"inLanguage":"en-US"}]}},"_links":{"self":[{"href":"https:\/\/turanambalaj.com\/en\/wp-json\/wp\/v2\/pages\/216","targetHints":{"allow":["GET"]}}],"collection":[{"href":"https:\/\/turanambalaj.com\/en\/wp-json\/wp\/v2\/pages"}],"about":[{"href":"https:\/\/turanambalaj.com\/en\/wp-json\/wp\/v2\/types\/page"}],"author":[{"embeddable":true,"href":"https:\/\/turanambalaj.com\/en\/wp-json\/wp\/v2\/users\/1"}],"replies":[{"embeddable":true,"href":"https:\/\/turanambalaj.com\/en\/wp-json\/wp\/v2\/comments?post=216"}],"version-history":[{"count":46,"href":"https:\/\/turanambalaj.com\/en\/wp-json\/wp\/v2\/pages\/216\/revisions"}],"predecessor-version":[{"id":1580,"href":"https:\/\/turanambalaj.com\/en\/wp-json\/wp\/v2\/pages\/216\/revisions\/1580"}],"up":[{"embeddable":true,"href":"https:\/\/turanambalaj.com\/en\/wp-json\/wp\/v2\/pages\/8"}],"wp:attachment":[{"href":"https:\/\/turanambalaj.com\/en\/wp-json\/wp\/v2\/media?parent=216"}],"curies":[{"name":"wp","href":"https:\/\/api.w.org\/{rel}","templated":true}]}}